{"id":1009,"date":"2019-03-27T14:24:32","date_gmt":"2019-03-27T13:24:32","guid":{"rendered":"https:\/\/luxactor.com\/page\/?page_id=1009"},"modified":"2019-06-17T16:17:44","modified_gmt":"2019-06-17T14:17:44","slug":"nutzungsbedingungen","status":"publish","type":"page","link":"https:\/\/luxactor.com\/page\/nutzungsbedingungen\/","title":{"rendered":"Nutzungsbedingungen"},"content":{"rendered":"<div class=\"fusion-fullwidth fullwidth-box fusion-builder-row-1 nonhundred-percent-fullwidth non-hundred-percent-height-scrolling\" style=\"--awb-border-radius-top-left:0px;--awb-border-radius-top-right:0px;--awb-border-radius-bottom-right:0px;--awb-border-radius-bottom-left:0px;--awb-flex-wrap:wrap;\" ><div class=\"fusion-builder-row fusion-row\"><div class=\"fusion-layout-column fusion_builder_column fusion-builder-column-0 fusion_builder_column_1_6 1_6 fusion-one-sixth fusion-column-first\" style=\"--awb-bg-size:cover;width:16.6666666667%;width:calc(16.6666666667% - ( ( 4% + 4% ) * 0.166666666667 ) );margin-right: 4%;\"><div class=\"fusion-column-wrapper fusion-column-has-shadow fusion-flex-column-wrapper-legacy\"><div class=\"fusion-clearfix\"><\/div><\/div><\/div><div class=\"fusion-layout-column fusion_builder_column fusion-builder-column-1 fusion_builder_column_2_3 2_3 fusion-two-third\" style=\"--awb-padding-top:50px;--awb-bg-size:cover;width:66.6666666667%;width:calc(66.6666666667% - ( ( 4% + 4% ) * 0.666666666667 ) );margin-right: 4%;\"><div class=\"fusion-column-wrapper fusion-flex-column-wrapper-legacy\"><div class=\"fusion-title title fusion-title-1 fusion-sep-none fusion-title-text fusion-title-size-one disclaimer-heading\" style=\"--awb-margin-bottom:20px;--awb-margin-bottom-small:20px;--awb-font-size:30px;\"><h1 class=\"fusion-title-heading title-heading-left\" style=\"margin:0;font-size:1em;\"><span style=\"text-transform: uppercase;\">Nutzungsbedingungen<\/span><\/h1><\/div><div class=\"fusion-text fusion-text-1\"><h2>Urheber- und Kennzeichenrecht<\/h2>\n<p>Die Urheberrechte f\u00fcr ver\u00f6ffentlichte, durch den Betreiber selbst erstellte Objekte, bleiben allein beim Autor der Seiten. Eine Vervielf\u00e4ltigung oder Verwendung solcher Bilder, Grafiken, Tondokumente, Videosequenzen und Texte in anderen elektronischen oder gedruckten Publikationen ist ohne ausdr\u00fcckliche Zustimmung des Autors nicht gestattet. Ausnahmen unter bestimmten Bedingungen sind bei &#8222;Nachdruck&#8220; und &#8222;Ver\u00f6ffentlichungen im Internet&#8220; beschrieben. Alle innerhalb des Internetangebotes genannten und gegebenenfalls durch Dritte gesch\u00fctzten Marken- und Warenzeichen unterliegen uneingeschr\u00e4nkt den Bestimmungen des jeweils g\u00fcltigen Kennzeichenrechts und den Besitzrechten der jeweiligen eingetragenen Eigent\u00fcmer.<\/p>\n<h2>Nachdruck<\/h2>\n<p>Das Nachdrucken ist nur f\u00fcr auf dem Bild abgebildete Personen, nur f\u00fcr private Zwecke und ausschlie\u00dflich mit druckf\u00e4higen Dateien erlaubt, welche auf Nachfrage vom Autor bereitgestellt werden k\u00f6nnen. Der Autor beh\u00e4lt sich das Recht vor das Nachdrucken der Bilder zu verweigern.<\/p>\n<h2>Ver\u00f6ffentlichungen im Internet<\/h2>\n<p>Das Ver\u00f6ffentlichen der Bilder im Internet ist nur f\u00fcr auf dem Bild abgebildete Personen und nur unter Namensnennung und Nennung der Webseite des Autors erlaubt. Die Bilder d\u00fcrfen in keiner Form ver\u00e4ndert, weiterbearbeitet oder manipuliert werden. Die Dateien d\u00fcrfen nicht verkleinert, oder erneut gespeichert werden. Die EXIF Informationen d\u00fcrfen nicht entfernt werden. Das Ver\u00f6ffentlichen der Bilder in sozialen Netzwerken ist nur mit Verweis oder Verlinkung auf Portfolio-Seiten des Autors erlaubt, sofern der Autor in diesen Netzwerken registriert ist.<\/p>\n<p>Instagram: @luxactor<br \/>\nFacebook: @luxactorphotography<\/p>\n<p>Auf anderen Webseiten m\u00fcssen die Bilder wie folgt gekennzeichnet werden:<br \/>\n&#8222;Sergey Sivushkin &#8211; luxactor.com&#8220;<\/p>\n<p>Der Autor beh\u00e4lt sich das Recht vor das Ver\u00f6ffentlichen der Bilder in sozialen Netzwerken, oder auf anderen Webseiten, ohne Angabe von Gr\u00fcnden, zu verweigern. Das Ver\u00f6ffentlichen der Bilder auf Webseiten mit eindeutig, teilweise pornografischen, oder rechtswidrigen Inhalten, ist nicht gestattet.<\/p>\n<h2>Annahme der Nutzungsbedingungen<\/h2>\n<p>Diese Website wird zu Ihrer pers\u00f6nlichen Nutzung zur Verf\u00fcgung gestellt. Ihr Zugriff auf diese Website und deren Nutzung unterliegen diesen Nutzungsbedingungen. Der Autor beh\u00e4lt sich das Recht vor, diese Nutzungsbedingungen jederzeit zu aktualisieren, ohne Sie dar\u00fcber in Kenntnis zu setzen. Durch die Nutzung dieser Website erkl\u00e4ren Sie sich mit den Nutzungsbedingungen uneingeschr\u00e4nkt und vorbehaltlos einverstanden. Wenn Sie diesen Nutzungsbedingungen nicht zustimmen, d\u00fcrfen Sie diese Website, und alle hier zur Verf\u00fcgung gestellten Bilder, Grafiken, Tondokumente, Videosequenzen und Texte, nicht nutzen.<\/p>\n<\/div><div class=\"fusion-clearfix\"><\/div><\/div><\/div><div class=\"fusion-layout-column fusion_builder_column fusion-builder-column-2 fusion_builder_column_1_6 1_6 fusion-one-sixth fusion-column-last\" style=\"--awb-bg-size:cover;width:16.6666666667%;width:calc(16.6666666667% - ( ( 4% + 4% ) * 0.166666666667 ) );\"><div class=\"fusion-column-wrapper fusion-column-has-shadow fusion-flex-column-wrapper-legacy\"><div class=\"fusion-clearfix\"><\/div><\/div><\/div><\/div><\/div>\n","protected":false},"excerpt":{"rendered":"","protected":false},"author":1,"featured_media":0,"parent":0,"menu_order":0,"comment_status":"closed","ping_status":"closed","template":"100-width.php","meta":{"inline_featured_image":false,"footnotes":""},"yoast_head":"<title>Nutzungsbedingungen - Sergey Sivushkin<\/title>\n<meta name=\"description\" content=\"Nutzungsbedingungen\" \/>\n<meta name=\"robots\" content=\"index, follow, max-snippet:-1, max-image-preview:large, max-video-preview:-1\" \/>\n<link rel=\"canonical\" href=\"https:\/\/luxactor.com\/page\/nutzungsbedingungen\/\" \/>\n<meta property=\"og:locale\" content=\"de_DE\" \/>\n<meta property=\"og:type\" content=\"article\" \/>\n<meta property=\"og:title\" content=\"Nutzungsbedingungen - Sergey Sivushkin\" \/>\n<meta property=\"og:description\" content=\"Nutzungsbedingungen\" \/>\n<meta property=\"og:url\" content=\"https:\/\/luxactor.com\/page\/nutzungsbedingungen\/\" \/>\n<meta property=\"og:site_name\" content=\"Sergey Sivushkin\" \/>\n<meta property=\"article:publisher\" content=\"https:\/\/www.facebook.com\/luxactor\/\" \/>\n<meta property=\"article:modified_time\" content=\"2019-06-17T14:17:44+00:00\" \/>\n<meta name=\"twitter:card\" content=\"summary_large_image\" \/>\n<meta name=\"twitter:label1\" content=\"Gesch\u00e4tzte Lesezeit\" \/>\n\t<meta name=\"twitter:data1\" content=\"4 Minuten\" \/>\n<script type=\"application\/ld+json\" class=\"yoast-schema-graph\">{\"@context\":\"https:\/\/schema.org\",\"@graph\":[{\"@type\":\"WebPage\",\"@id\":\"https:\/\/luxactor.com\/page\/nutzungsbedingungen\/\",\"url\":\"https:\/\/luxactor.com\/page\/nutzungsbedingungen\/\",\"name\":\"Nutzungsbedingungen - Sergey Sivushkin\",\"isPartOf\":{\"@id\":\"https:\/\/luxactor.com\/page\/#website\"},\"datePublished\":\"2019-03-27T13:24:32+00:00\",\"dateModified\":\"2019-06-17T14:17:44+00:00\",\"description\":\"Nutzungsbedingungen\",\"breadcrumb\":{\"@id\":\"https:\/\/luxactor.com\/page\/nutzungsbedingungen\/#breadcrumb\"},\"inLanguage\":\"de-DE\",\"potentialAction\":[{\"@type\":\"ReadAction\",\"target\":[\"https:\/\/luxactor.com\/page\/nutzungsbedingungen\/\"]}]},{\"@type\":\"BreadcrumbList\",\"@id\":\"https:\/\/luxactor.com\/page\/nutzungsbedingungen\/#breadcrumb\",\"itemListElement\":[{\"@type\":\"ListItem\",\"position\":1,\"name\":\"Startseite\",\"item\":\"https:\/\/luxactor.com\/page\/\"},{\"@type\":\"ListItem\",\"position\":2,\"name\":\"Nutzungsbedingungen\"}]},{\"@type\":\"WebSite\",\"@id\":\"https:\/\/luxactor.com\/page\/#website\",\"url\":\"https:\/\/luxactor.com\/page\/\",\"name\":\"Sergey Sivushkin\",\"description\":\"Fine Art Photography &amp; Corporate Design, Leipzig, Germany\",\"publisher\":{\"@id\":\"https:\/\/luxactor.com\/page\/#\/schema\/person\/059e352e0eb56add33e0a6a14db6e8ce\"},\"potentialAction\":[{\"@type\":\"SearchAction\",\"target\":{\"@type\":\"EntryPoint\",\"urlTemplate\":\"https:\/\/luxactor.com\/page\/?s={search_term_string}\"},\"query-input\":\"required name=search_term_string\"}],\"inLanguage\":\"de-DE\"},{\"@type\":[\"Person\",\"Organization\"],\"@id\":\"https:\/\/luxactor.com\/page\/#\/schema\/person\/059e352e0eb56add33e0a6a14db6e8ce\",\"name\":\"Sergey Sivushkin\",\"image\":{\"@type\":\"ImageObject\",\"inLanguage\":\"de-DE\",\"@id\":\"https:\/\/luxactor.com\/page\/#\/schema\/person\/image\/\",\"url\":\"https:\/\/secure.gravatar.com\/avatar\/5c9ebd2aa59ddfed492db91b8404d0de?s=96&d=mm&r=g\",\"contentUrl\":\"https:\/\/secure.gravatar.com\/avatar\/5c9ebd2aa59ddfed492db91b8404d0de?s=96&d=mm&r=g\",\"caption\":\"Sergey Sivushkin\"},\"logo\":{\"@id\":\"https:\/\/luxactor.com\/page\/#\/schema\/person\/image\/\"},\"sameAs\":[\"https:\/\/luxactor.com\",\"https:\/\/www.facebook.com\/luxactor\/\",\"https:\/\/www.instagram.com\/luxactor\/\"]}]}<\/script>","yoast_head_json":{"title":"Nutzungsbedingungen - Sergey Sivushkin","description":"Nutzungsbedingungen","robots":{"index":"index","follow":"follow","max-snippet":"max-snippet:-1","max-image-preview":"max-image-preview:large","max-video-preview":"max-video-preview:-1"},"canonical":"https:\/\/luxactor.com\/page\/nutzungsbedingungen\/","og_locale":"de_DE","og_type":"article","og_title":"Nutzungsbedingungen - Sergey Sivushkin","og_description":"Nutzungsbedingungen","og_url":"https:\/\/luxactor.com\/page\/nutzungsbedingungen\/","og_site_name":"Sergey Sivushkin","article_publisher":"https:\/\/www.facebook.com\/luxactor\/","article_modified_time":"2019-06-17T14:17:44+00:00","twitter_card":"summary_large_image","twitter_misc":{"Gesch\u00e4tzte Lesezeit":"4 Minuten"},"schema":{"@context":"https:\/\/schema.org","@graph":[{"@type":"WebPage","@id":"https:\/\/luxactor.com\/page\/nutzungsbedingungen\/","url":"https:\/\/luxactor.com\/page\/nutzungsbedingungen\/","name":"Nutzungsbedingungen - Sergey Sivushkin","isPartOf":{"@id":"https:\/\/luxactor.com\/page\/#website"},"datePublished":"2019-03-27T13:24:32+00:00","dateModified":"2019-06-17T14:17:44+00:00","description":"Nutzungsbedingungen","breadcrumb":{"@id":"https:\/\/luxactor.com\/page\/nutzungsbedingungen\/#breadcrumb"},"inLanguage":"de-DE","potentialAction":[{"@type":"ReadAction","target":["https:\/\/luxactor.com\/page\/nutzungsbedingungen\/"]}]},{"@type":"BreadcrumbList","@id":"https:\/\/luxactor.com\/page\/nutzungsbedingungen\/#breadcrumb","itemListElement":[{"@type":"ListItem","position":1,"name":"Startseite","item":"https:\/\/luxactor.com\/page\/"},{"@type":"ListItem","position":2,"name":"Nutzungsbedingungen"}]},{"@type":"WebSite","@id":"https:\/\/luxactor.com\/page\/#website","url":"https:\/\/luxactor.com\/page\/","name":"Sergey Sivushkin","description":"Fine Art Photography &amp; Corporate Design, Leipzig, Germany","publisher":{"@id":"https:\/\/luxactor.com\/page\/#\/schema\/person\/059e352e0eb56add33e0a6a14db6e8ce"},"potentialAction":[{"@type":"SearchAction","target":{"@type":"EntryPoint","urlTemplate":"https:\/\/luxactor.com\/page\/?s={search_term_string}"},"query-input":"required name=search_term_string"}],"inLanguage":"de-DE"},{"@type":["Person","Organization"],"@id":"https:\/\/luxactor.com\/page\/#\/schema\/person\/059e352e0eb56add33e0a6a14db6e8ce","name":"Sergey Sivushkin","image":{"@type":"ImageObject","inLanguage":"de-DE","@id":"https:\/\/luxactor.com\/page\/#\/schema\/person\/image\/","url":"https:\/\/secure.gravatar.com\/avatar\/5c9ebd2aa59ddfed492db91b8404d0de?s=96&d=mm&r=g","contentUrl":"https:\/\/secure.gravatar.com\/avatar\/5c9ebd2aa59ddfed492db91b8404d0de?s=96&d=mm&r=g","caption":"Sergey Sivushkin"},"logo":{"@id":"https:\/\/luxactor.com\/page\/#\/schema\/person\/image\/"},"sameAs":["https:\/\/luxactor.com","https:\/\/www.facebook.com\/luxactor\/","https:\/\/www.instagram.com\/luxactor\/"]}]}},"_links":{"self":[{"href":"https:\/\/luxactor.com\/page\/wp-json\/wp\/v2\/pages\/1009"}],"collection":[{"href":"https:\/\/luxactor.com\/page\/wp-json\/wp\/v2\/pages"}],"about":[{"href":"https:\/\/luxactor.com\/page\/wp-json\/wp\/v2\/types\/page"}],"author":[{"embeddable":true,"href":"https:\/\/luxactor.com\/page\/wp-json\/wp\/v2\/users\/1"}],"replies":[{"embeddable":true,"href":"https:\/\/luxactor.com\/page\/wp-json\/wp\/v2\/comments?post=1009"}],"version-history":[{"count":18,"href":"https:\/\/luxactor.com\/page\/wp-json\/wp\/v2\/pages\/1009\/revisions"}],"predecessor-version":[{"id":1544,"href":"https:\/\/luxactor.com\/page\/wp-json\/wp\/v2\/pages\/1009\/revisions\/1544"}],"wp:attachment":[{"href":"https:\/\/luxactor.com\/page\/wp-json\/wp\/v2\/media?parent=1009"}],"curies":[{"name":"wp","href":"https:\/\/api.w.org\/{rel}","templated":true}]}}